{"id":14,"date":"2025-09-10T11:19:58","date_gmt":"2025-09-10T11:19:58","guid":{"rendered":"https:\/\/50tapas.rkinformatika.online\/?page_id=14"},"modified":"2025-09-10T15:10:48","modified_gmt":"2025-09-10T15:10:48","slug":"inicio","status":"publish","type":"page","link":"https:\/\/50tapas.com\/en\/","title":{"rendered":"Home"},"content":{"rendered":"\t\t<div data-elementor-type=\"wp-page\" data-elementor-id=\"14\" class=\"elementor elementor-14\" data-elementor-post-type=\"page\">\n\t\t\t\t<div class=\"elementor-element elementor-element-fdce496 e-flex e-con-boxed e-con e-parent\" data-id=\"fdce496\" data-element_type=\"container\" data-e-type=\"container\" data-settings=\"{&quot;background_background&quot;:&quot;slideshow&quot;,&quot;background_slideshow_lazyload&quot;:&quot;yes&quot;,&quot;background_slideshow_ken_burns&quot;:&quot;yes&quot;,&quot;background_slideshow_gallery&quot;:[{&quot;id&quot;:115,&quot;url&quot;:&quot;https:\\\/\\\/50tapas.com\\\/wp-content\\\/uploads\\\/2025\\\/09\\\/Captura-desde-2025-09-10-16-10-08.png&quot;},{&quot;id&quot;:116,&quot;url&quot;:&quot;https:\\\/\\\/50tapas.com\\\/wp-content\\\/uploads\\\/2025\\\/09\\\/Captura-desde-2025-09-10-16-10-34.png&quot;},{&quot;id&quot;:117,&quot;url&quot;:&quot;https:\\\/\\\/50tapas.com\\\/wp-content\\\/uploads\\\/2025\\\/09\\\/Captura-desde-2025-09-10-16-11-15.png&quot;}],&quot;background_slideshow_loop&quot;:&quot;yes&quot;,&quot;background_slideshow_slide_duration&quot;:5000,&quot;background_slideshow_slide_transition&quot;:&quot;fade&quot;,&quot;background_slideshow_transition_duration&quot;:500,&quot;background_slideshow_ken_burns_zoom_direction&quot;:&quot;in&quot;}\">\n\t\t\t\t\t<div class=\"e-con-inner\">\n\t\t<div class=\"elementor-element elementor-element-951fe8c e-con-full e-flex e-con e-child\" data-id=\"951fe8c\" data-element_type=\"container\" data-e-type=\"container\">\n\t\t\t\t<div class=\"elementor-element elementor-element-7150683 elementor-widget elementor-widget-heading\" data-id=\"7150683\" data-element_type=\"widget\" data-e-type=\"widget\" data-widget_type=\"heading.default\">\n\t\t\t\t\t<h2 class=\"elementor-heading-title elementor-size-default\">Bienvenidos A<\/h2>\t\t\t\t<\/div>\n\t\t\t\t<div class=\"elementor-element elementor-element-830ca0c elementor-widget elementor-widget-heading\" data-id=\"830ca0c\" data-element_type=\"widget\" data-e-type=\"widget\" data-widget_type=\"heading.default\">\n\t\t\t\t\t<h2 class=\"elementor-heading-title elementor-size-default\">50 Tapas<\/h2>\t\t\t\t<\/div>\n\t\t\t\t<div class=\"elementor-element elementor-element-8a3636f elementor-widget elementor-widget-heading\" data-id=\"8a3636f\" data-element_type=\"widget\" data-e-type=\"widget\" data-widget_type=\"heading.default\">\n\t\t\t\t\t<h2 class=\"elementor-heading-title elementor-size-default\">Un a\u00f1o compartiendo sabor en Murcia.<\/h2>\t\t\t\t<\/div>\n\t\t\t\t<\/div>\n\t\t\t\t\t<\/div>\n\t\t\t\t<\/div>\n\t\t\t\t<section class=\"elementor-section elementor-top-section elementor-element elementor-element-7e1d191 elementor-section-boxed elementor-section-height-default elementor-section-height-default\" data-id=\"7e1d191\" data-element_type=\"section\" data-e-type=\"section\">\n\t\t\t\t\t\t<div class=\"elementor-container elementor-column-gap-default\">\n\t\t\t\t\t<div class=\"elementor-column elementor-col-100 elementor-top-column elementor-element elementor-element-94c7c58\" data-id=\"94c7c58\" data-element_type=\"column\" data-e-type=\"column\">\n\t\t\t<div class=\"elementor-widget-wrap elementor-element-populated\">\n\t\t\t\t\t\t<section class=\"elementor-section elementor-inner-section elementor-element elementor-element-903608c elementor-section-boxed elementor-section-height-default elementor-section-height-default\" data-id=\"903608c\" data-element_type=\"section\" data-e-type=\"section\">\n\t\t\t\t\t\t<div class=\"elementor-container elementor-column-gap-no\">\n\t\t\t\t\t<div class=\"elementor-column elementor-col-50 elementor-inner-column elementor-element elementor-element-5e4f3f5\" data-id=\"5e4f3f5\" data-element_type=\"column\" data-e-type=\"column\">\n\t\t\t<div class=\"elementor-widget-wrap elementor-element-populated\">\n\t\t\t\t\t\t<div class=\"elementor-element elementor-element-8ddb0e8 elementor-widget elementor-widget-heading\" data-id=\"8ddb0e8\" data-element_type=\"widget\" data-e-type=\"widget\" data-widget_type=\"heading.default\">\n\t\t\t\t\t<h2 class=\"elementor-heading-title elementor-size-default\">Sobre Nosotros <\/h2>\t\t\t\t<\/div>\n\t\t\t\t<div class=\"elementor-element elementor-element-094e9db elementor-widget elementor-widget-heading\" data-id=\"094e9db\" data-element_type=\"widget\" data-e-type=\"widget\" data-widget_type=\"heading.default\">\n\t\t\t\t\t<h2 class=\"elementor-heading-title elementor-size-default\">Tapas, raciones, pinchos y mucho m\u00e1s.<\/h2>\t\t\t\t<\/div>\n\t\t\t\t<div class=\"elementor-element elementor-element-7036c7e elementor-widget elementor-widget-button\" data-id=\"7036c7e\" data-element_type=\"widget\" data-e-type=\"widget\" data-widget_type=\"button.default\">\n\t\t\t\t\t\t\t\t\t\t<a class=\"elementor-button elementor-button-link elementor-size-sm elementor-animation-hang\" href=\"https:\/\/50tapas.com\/productos\/\">\n\t\t\t\t\t\t<span class=\"elementor-button-content-wrapper\">\n\t\t\t\t\t\t\t\t\t<span class=\"elementor-button-text\">Saber M\u00e1s<\/span>\n\t\t\t\t\t<\/span>\n\t\t\t\t\t<\/a>\n\t\t\t\t\t\t\t\t<\/div>\n\t\t\t\t\t<\/div>\n\t\t<\/div>\n\t\t\t\t<div class=\"elementor-column elementor-col-50 elementor-inner-column elementor-element elementor-element-6c98522\" data-id=\"6c98522\" data-element_type=\"column\" data-e-type=\"column\">\n\t\t\t<div class=\"elementor-widget-wrap elementor-element-populated\">\n\t\t\t\t\t\t<div class=\"elementor-element elementor-element-06d6103 elementor-widget elementor-widget-text-editor\" data-id=\"06d6103\" data-element_type=\"widget\" data-e-type=\"widget\" data-widget_type=\"text-editor.default\">\n\t\t\t\t\t\t\t\t\t<p data-start=\"142\" data-end=\"431\">En 50 Tapas celebramos nuestro primer a\u00f1o ofreciendo lo mejor de la gastronom\u00eda en Murcia. Un espacio pensado para disfrutar de la buena mesa en cualquier momento del d\u00eda, ya sea en desayunos, comidas, cenas o ese encuentro especial con amigos para compartir unas raciones y pinchos.<\/p><p data-start=\"433\" data-end=\"690\">Nuestra especialidad son las tapas, elaboradas con ingredientes frescos y con el toque casero que nos caracteriza. Desde los cl\u00e1sicos de siempre hasta propuestas innovadoras, aqu\u00ed encontrar\u00e1s el lugar perfecto para saborear Murcia en peque\u00f1os bocados.<\/p><p data-start=\"692\" data-end=\"843\">Acompa\u00f1a tu experiencia con una cuidada selecci\u00f3n de bebidas: vinos, cervezas, refrescos y combinados que maridan a la perfecci\u00f3n con cada plato.<\/p><p data-start=\"845\" data-end=\"1039\">Ven a 50 Tapas y descubre por qu\u00e9, en tan solo un a\u00f1o, nos hemos convertido en un punto de encuentro imprescindible para quienes disfrutan de la comida aut\u00e9ntica, variada y llena de sabor.<\/p>\t\t\t\t\t\t\t\t<\/div>\n\t\t\t\t\t<\/div>\n\t\t<\/div>\n\t\t\t\t\t<\/div>\n\t\t<\/section>\n\t\t\t\t<section class=\"elementor-section elementor-inner-section elementor-element elementor-element-74bac43 elementor-section-boxed elementor-section-height-default elementor-section-height-default\" data-id=\"74bac43\" data-element_type=\"section\" data-e-type=\"section\">\n\t\t\t\t\t\t<div class=\"elementor-container elementor-column-gap-no\">\n\t\t\t\t\t<div class=\"elementor-column elementor-col-50 elementor-inner-column elementor-element elementor-element-b7bd058\" data-id=\"b7bd058\" data-element_type=\"column\" data-e-type=\"column\">\n\t\t\t<div class=\"elementor-widget-wrap elementor-element-populated\">\n\t\t\t\t\t\t<div class=\"elementor-element elementor-element-4fe2dd1 elementor-widget__width-initial elementor-widget elementor-widget-image\" data-id=\"4fe2dd1\" data-element_type=\"widget\" data-e-type=\"widget\" data-widget_type=\"image.default\">\n\t\t\t\t\t\t\t\t\t\t\t\t\t\t\t<img fetchpriority=\"high\" decoding=\"async\" width=\"739\" height=\"941\" src=\"https:\/\/50tapas.com\/wp-content\/uploads\/2025\/09\/Captura-desde-2025-09-10-16-09-57.png\" class=\"attachment-large size-large wp-image-123\" alt=\"\" srcset=\"https:\/\/50tapas.com\/wp-content\/uploads\/2025\/09\/Captura-desde-2025-09-10-16-09-57.png 739w, https:\/\/50tapas.com\/wp-content\/uploads\/2025\/09\/Captura-desde-2025-09-10-16-09-57-236x300.png 236w, https:\/\/50tapas.com\/wp-content\/uploads\/2025\/09\/Captura-desde-2025-09-10-16-09-57-9x12.png 9w\" sizes=\"(max-width: 739px) 100vw, 739px\" \/>\t\t\t\t\t\t\t\t\t\t\t\t\t\t\t<\/div>\n\t\t\t\t<div class=\"elementor-element elementor-element-62b5c13 elementor-widget__width-initial elementor-widget elementor-widget-image\" data-id=\"62b5c13\" data-element_type=\"widget\" data-e-type=\"widget\" data-widget_type=\"image.default\">\n\t\t\t\t\t\t\t\t\t\t\t\t\t\t\t<img decoding=\"async\" width=\"1200\" height=\"1000\" src=\"https:\/\/50tapas.com\/wp-content\/uploads\/2025\/09\/2.png\" class=\"attachment-1536x1536 size-1536x1536 wp-image-122\" alt=\"\" srcset=\"https:\/\/50tapas.com\/wp-content\/uploads\/2025\/09\/2.png 1200w, https:\/\/50tapas.com\/wp-content\/uploads\/2025\/09\/2-300x250.png 300w, https:\/\/50tapas.com\/wp-content\/uploads\/2025\/09\/2-1024x853.png 1024w, https:\/\/50tapas.com\/wp-content\/uploads\/2025\/09\/2-768x640.png 768w, https:\/\/50tapas.com\/wp-content\/uploads\/2025\/09\/2-14x12.png 14w\" sizes=\"(max-width: 1200px) 100vw, 1200px\" \/>\t\t\t\t\t\t\t\t\t\t\t\t\t\t\t<\/div>\n\t\t\t\t\t<\/div>\n\t\t<\/div>\n\t\t\t\t<div class=\"elementor-column elementor-col-50 elementor-inner-column elementor-element elementor-element-da448de\" data-id=\"da448de\" data-element_type=\"column\" data-e-type=\"column\">\n\t\t\t<div class=\"elementor-widget-wrap elementor-element-populated\">\n\t\t\t\t\t\t<div class=\"elementor-element elementor-element-e4f086b elementor-widget elementor-widget-image\" data-id=\"e4f086b\" data-element_type=\"widget\" data-e-type=\"widget\" data-widget_type=\"image.default\">\n\t\t\t\t\t\t\t\t\t\t\t\t\t\t\t<img decoding=\"async\" width=\"1200\" height=\"1000\" src=\"https:\/\/50tapas.com\/wp-content\/uploads\/2025\/09\/1.png\" class=\"attachment-full size-full wp-image-121\" alt=\"\" srcset=\"https:\/\/50tapas.com\/wp-content\/uploads\/2025\/09\/1.png 1200w, https:\/\/50tapas.com\/wp-content\/uploads\/2025\/09\/1-300x250.png 300w, https:\/\/50tapas.com\/wp-content\/uploads\/2025\/09\/1-1024x853.png 1024w, https:\/\/50tapas.com\/wp-content\/uploads\/2025\/09\/1-768x640.png 768w, https:\/\/50tapas.com\/wp-content\/uploads\/2025\/09\/1-14x12.png 14w\" sizes=\"(max-width: 1200px) 100vw, 1200px\" \/>\t\t\t\t\t\t\t\t\t\t\t\t\t\t\t<\/div>\n\t\t\t\t\t<\/div>\n\t\t<\/div>\n\t\t\t\t\t<\/div>\n\t\t<\/section>\n\t\t\t\t\t<\/div>\n\t\t<\/div>\n\t\t\t\t\t<\/div>\n\t\t<\/section>\n\t\t\t\t<section class=\"elementor-section elementor-top-section elementor-element elementor-element-d541e6e elementor-section-boxed elementor-section-height-default elementor-section-height-default\" data-id=\"d541e6e\" data-element_type=\"section\" data-e-type=\"section\" data-settings=\"{&quot;background_background&quot;:&quot;classic&quot;}\">\n\t\t\t\t\t\t\t<div class=\"elementor-background-overlay\"><\/div>\n\t\t\t\t\t\t\t<div class=\"elementor-container elementor-column-gap-default\">\n\t\t\t\t\t<div class=\"elementor-column elementor-col-100 elementor-top-column elementor-element elementor-element-e9af7cf\" data-id=\"e9af7cf\" data-element_type=\"column\" data-e-type=\"column\">\n\t\t\t<div class=\"elementor-widget-wrap elementor-element-populated\">\n\t\t\t\t\t\t<div class=\"elementor-element elementor-element-77e55c9 elementor-widget elementor-widget-heading\" data-id=\"77e55c9\" data-element_type=\"widget\" data-e-type=\"widget\" data-widget_type=\"heading.default\">\n\t\t\t\t\t<h2 class=\"elementor-heading-title elementor-size-default\">Empieza el d\u00eda con nuestros desayunos llenos de energ\u00eda y sabor.<\/h2>\t\t\t\t<\/div>\n\t\t\t\t<div class=\"elementor-element elementor-element-45dc81b elementor-widget elementor-widget-text-editor\" data-id=\"45dc81b\" data-element_type=\"widget\" data-e-type=\"widget\" data-widget_type=\"text-editor.default\">\n\t\t\t\t\t\t\t\t\t<p>Cenas y comidas que se disfrutan como en casa, pero con un toque especial.<\/p>\t\t\t\t\t\t\t\t<\/div>\n\t\t\t\t<div class=\"elementor-element elementor-element-b9a1e91 elementor-align-center elementor-widget elementor-widget-button\" data-id=\"b9a1e91\" data-element_type=\"widget\" data-e-type=\"widget\" data-widget_type=\"button.default\">\n\t\t\t\t\t\t\t\t\t\t<a class=\"elementor-button elementor-button-link elementor-size-sm elementor-animation-hang\" href=\"https:\/\/50tapas.com\/contacto\/\">\n\t\t\t\t\t\t<span class=\"elementor-button-content-wrapper\">\n\t\t\t\t\t\t\t\t\t<span class=\"elementor-button-text\">Contactanos<\/span>\n\t\t\t\t\t<\/span>\n\t\t\t\t\t<\/a>\n\t\t\t\t\t\t\t\t<\/div>\n\t\t\t\t\t<\/div>\n\t\t<\/div>\n\t\t\t\t\t<\/div>\n\t\t<\/section>\n\t\t\t\t<\/div>\n\t\t","protected":false},"excerpt":{"rendered":"<p>Bienvenidos A 50 Tapas Un a\u00f1o compartiendo sabor en Murcia. Sobre Nosotros Tapas, raciones, pinchos y mucho m\u00e1s. Saber M\u00e1s En 50 Tapas celebramos nuestro primer a\u00f1o ofreciendo lo mejor de la gastronom\u00eda en Murcia. Un espacio pensado para disfrutar de la buena mesa en cualquier momento del d\u00eda, ya sea en desayunos, comidas, cenas [&hellip;]<\/p>\n","protected":false},"author":1,"featured_media":0,"parent":0,"menu_order":0,"comment_status":"closed","ping_status":"closed","template":"elementor_canvas","meta":{"footnotes":""},"class_list":["post-14","page","type-page","status-publish","hentry"],"yoast_head":"<!-- This site is optimized with the Yoast SEO plugin v27.3 - https:\/\/yoast.com\/product\/yoast-seo-wordpress\/ -->\n<title>Inicio - 50 Tapas<\/title>\n<meta name=\"robots\" content=\"index, follow, max-snippet:-1, max-image-preview:large, max-video-preview:-1\" \/>\n<link rel=\"canonical\" href=\"https:\/\/50tapas.com\/en\/\" \/>\n<meta property=\"og:locale\" content=\"en_GB\" \/>\n<meta property=\"og:type\" content=\"article\" \/>\n<meta property=\"og:title\" content=\"Inicio - 50 Tapas\" \/>\n<meta property=\"og:description\" content=\"Bienvenidos A 50 Tapas Un a\u00f1o compartiendo sabor en Murcia. Sobre Nosotros Tapas, raciones, pinchos y mucho m\u00e1s. Saber M\u00e1s En 50 Tapas celebramos nuestro primer a\u00f1o ofreciendo lo mejor de la gastronom\u00eda en Murcia. Un espacio pensado para disfrutar de la buena mesa en cualquier momento del d\u00eda, ya sea en desayunos, comidas, cenas [&hellip;]\" \/>\n<meta property=\"og:url\" content=\"https:\/\/50tapas.com\/en\/\" \/>\n<meta property=\"og:site_name\" content=\"50 Tapas\" \/>\n<meta property=\"article:modified_time\" content=\"2025-09-10T15:10:48+00:00\" \/>\n<meta property=\"og:image\" content=\"https:\/\/50tapas.com\/wp-content\/uploads\/2025\/09\/Captura-desde-2025-09-10-16-09-57.png\" \/>\n<meta name=\"twitter:card\" content=\"summary_large_image\" \/>\n<meta name=\"twitter:label1\" content=\"Estimated reading time\" \/>\n\t<meta name=\"twitter:data1\" content=\"1 minute\" \/>\n<script type=\"application\/ld+json\" class=\"yoast-schema-graph\">{\"@context\":\"https:\\\/\\\/schema.org\",\"@graph\":[{\"@type\":\"WebPage\",\"@id\":\"https:\\\/\\\/50tapas.com\\\/\",\"url\":\"https:\\\/\\\/50tapas.com\\\/\",\"name\":\"Inicio - 50 Tapas\",\"isPartOf\":{\"@id\":\"https:\\\/\\\/50tapas.com\\\/#website\"},\"primaryImageOfPage\":{\"@id\":\"https:\\\/\\\/50tapas.com\\\/#primaryimage\"},\"image\":{\"@id\":\"https:\\\/\\\/50tapas.com\\\/#primaryimage\"},\"thumbnailUrl\":\"https:\\\/\\\/50tapas.com\\\/wp-content\\\/uploads\\\/2025\\\/09\\\/Captura-desde-2025-09-10-16-09-57.png\",\"datePublished\":\"2025-09-10T11:19:58+00:00\",\"dateModified\":\"2025-09-10T15:10:48+00:00\",\"breadcrumb\":{\"@id\":\"https:\\\/\\\/50tapas.com\\\/#breadcrumb\"},\"inLanguage\":\"en-GB\",\"potentialAction\":[{\"@type\":\"ReadAction\",\"target\":[\"https:\\\/\\\/50tapas.com\\\/\"]}]},{\"@type\":\"ImageObject\",\"inLanguage\":\"en-GB\",\"@id\":\"https:\\\/\\\/50tapas.com\\\/#primaryimage\",\"url\":\"https:\\\/\\\/50tapas.com\\\/wp-content\\\/uploads\\\/2025\\\/09\\\/Captura-desde-2025-09-10-16-09-57.png\",\"contentUrl\":\"https:\\\/\\\/50tapas.com\\\/wp-content\\\/uploads\\\/2025\\\/09\\\/Captura-desde-2025-09-10-16-09-57.png\"},{\"@type\":\"BreadcrumbList\",\"@id\":\"https:\\\/\\\/50tapas.com\\\/#breadcrumb\",\"itemListElement\":[{\"@type\":\"ListItem\",\"position\":1,\"name\":\"Portada\",\"item\":\"https:\\\/\\\/50tapas.com\\\/\"},{\"@type\":\"ListItem\",\"position\":2,\"name\":\"Inicio\"}]},{\"@type\":\"WebSite\",\"@id\":\"https:\\\/\\\/50tapas.com\\\/#website\",\"url\":\"https:\\\/\\\/50tapas.com\\\/\",\"name\":\"50 Tapas\",\"description\":\"Cenas, comidas y principalmente tapas\",\"publisher\":{\"@id\":\"https:\\\/\\\/50tapas.com\\\/#organization\"},\"potentialAction\":[{\"@type\":\"SearchAction\",\"target\":{\"@type\":\"EntryPoint\",\"urlTemplate\":\"https:\\\/\\\/50tapas.com\\\/?s={search_term_string}\"},\"query-input\":{\"@type\":\"PropertyValueSpecification\",\"valueRequired\":true,\"valueName\":\"search_term_string\"}}],\"inLanguage\":\"en-GB\"},{\"@type\":\"Organization\",\"@id\":\"https:\\\/\\\/50tapas.com\\\/#organization\",\"name\":\"50 Tapas\",\"url\":\"https:\\\/\\\/50tapas.com\\\/\",\"logo\":{\"@type\":\"ImageObject\",\"inLanguage\":\"en-GB\",\"@id\":\"https:\\\/\\\/50tapas.com\\\/#\\\/schema\\\/logo\\\/image\\\/\",\"url\":\"https:\\\/\\\/50tapas.com\\\/wp-content\\\/uploads\\\/2025\\\/09\\\/cropped-Alimentacion-Carniceria-Falou-4.png\",\"contentUrl\":\"https:\\\/\\\/50tapas.com\\\/wp-content\\\/uploads\\\/2025\\\/09\\\/cropped-Alimentacion-Carniceria-Falou-4.png\",\"width\":422,\"height\":422,\"caption\":\"50 Tapas\"},\"image\":{\"@id\":\"https:\\\/\\\/50tapas.com\\\/#\\\/schema\\\/logo\\\/image\\\/\"}}]}<\/script>\n<!-- \/ Yoast SEO plugin. -->","yoast_head_json":{"title":"Inicio - 50 Tapas","robots":{"index":"index","follow":"follow","max-snippet":"max-snippet:-1","max-image-preview":"max-image-preview:large","max-video-preview":"max-video-preview:-1"},"canonical":"https:\/\/50tapas.com\/en\/","og_locale":"en_GB","og_type":"article","og_title":"Inicio - 50 Tapas","og_description":"Bienvenidos A 50 Tapas Un a\u00f1o compartiendo sabor en Murcia. Sobre Nosotros Tapas, raciones, pinchos y mucho m\u00e1s. Saber M\u00e1s En 50 Tapas celebramos nuestro primer a\u00f1o ofreciendo lo mejor de la gastronom\u00eda en Murcia. Un espacio pensado para disfrutar de la buena mesa en cualquier momento del d\u00eda, ya sea en desayunos, comidas, cenas [&hellip;]","og_url":"https:\/\/50tapas.com\/en\/","og_site_name":"50 Tapas","article_modified_time":"2025-09-10T15:10:48+00:00","og_image":[{"url":"https:\/\/50tapas.com\/wp-content\/uploads\/2025\/09\/Captura-desde-2025-09-10-16-09-57.png","type":"","width":"","height":""}],"twitter_card":"summary_large_image","twitter_misc":{"Estimated reading time":"1 minute"},"schema":{"@context":"https:\/\/schema.org","@graph":[{"@type":"WebPage","@id":"https:\/\/50tapas.com\/","url":"https:\/\/50tapas.com\/","name":"Inicio - 50 Tapas","isPartOf":{"@id":"https:\/\/50tapas.com\/#website"},"primaryImageOfPage":{"@id":"https:\/\/50tapas.com\/#primaryimage"},"image":{"@id":"https:\/\/50tapas.com\/#primaryimage"},"thumbnailUrl":"https:\/\/50tapas.com\/wp-content\/uploads\/2025\/09\/Captura-desde-2025-09-10-16-09-57.png","datePublished":"2025-09-10T11:19:58+00:00","dateModified":"2025-09-10T15:10:48+00:00","breadcrumb":{"@id":"https:\/\/50tapas.com\/#breadcrumb"},"inLanguage":"en-GB","potentialAction":[{"@type":"ReadAction","target":["https:\/\/50tapas.com\/"]}]},{"@type":"ImageObject","inLanguage":"en-GB","@id":"https:\/\/50tapas.com\/#primaryimage","url":"https:\/\/50tapas.com\/wp-content\/uploads\/2025\/09\/Captura-desde-2025-09-10-16-09-57.png","contentUrl":"https:\/\/50tapas.com\/wp-content\/uploads\/2025\/09\/Captura-desde-2025-09-10-16-09-57.png"},{"@type":"BreadcrumbList","@id":"https:\/\/50tapas.com\/#breadcrumb","itemListElement":[{"@type":"ListItem","position":1,"name":"Portada","item":"https:\/\/50tapas.com\/"},{"@type":"ListItem","position":2,"name":"Inicio"}]},{"@type":"WebSite","@id":"https:\/\/50tapas.com\/#website","url":"https:\/\/50tapas.com\/","name":"50 Tapas","description":"Cenas, comidas y principalmente tapas","publisher":{"@id":"https:\/\/50tapas.com\/#organization"},"potentialAction":[{"@type":"SearchAction","target":{"@type":"EntryPoint","urlTemplate":"https:\/\/50tapas.com\/?s={search_term_string}"},"query-input":{"@type":"PropertyValueSpecification","valueRequired":true,"valueName":"search_term_string"}}],"inLanguage":"en-GB"},{"@type":"Organization","@id":"https:\/\/50tapas.com\/#organization","name":"50 Tapas","url":"https:\/\/50tapas.com\/","logo":{"@type":"ImageObject","inLanguage":"en-GB","@id":"https:\/\/50tapas.com\/#\/schema\/logo\/image\/","url":"https:\/\/50tapas.com\/wp-content\/uploads\/2025\/09\/cropped-Alimentacion-Carniceria-Falou-4.png","contentUrl":"https:\/\/50tapas.com\/wp-content\/uploads\/2025\/09\/cropped-Alimentacion-Carniceria-Falou-4.png","width":422,"height":422,"caption":"50 Tapas"},"image":{"@id":"https:\/\/50tapas.com\/#\/schema\/logo\/image\/"}}]}},"_links":{"self":[{"href":"https:\/\/50tapas.com\/en\/wp-json\/wp\/v2\/pages\/14","targetHints":{"allow":["GET"]}}],"collection":[{"href":"https:\/\/50tapas.com\/en\/wp-json\/wp\/v2\/pages"}],"about":[{"href":"https:\/\/50tapas.com\/en\/wp-json\/wp\/v2\/types\/page"}],"author":[{"embeddable":true,"href":"https:\/\/50tapas.com\/en\/wp-json\/wp\/v2\/users\/1"}],"replies":[{"embeddable":true,"href":"https:\/\/50tapas.com\/en\/wp-json\/wp\/v2\/comments?post=14"}],"version-history":[{"count":49,"href":"https:\/\/50tapas.com\/en\/wp-json\/wp\/v2\/pages\/14\/revisions"}],"predecessor-version":[{"id":189,"href":"https:\/\/50tapas.com\/en\/wp-json\/wp\/v2\/pages\/14\/revisions\/189"}],"wp:attachment":[{"href":"https:\/\/50tapas.com\/en\/wp-json\/wp\/v2\/media?parent=14"}],"curies":[{"name":"wp","href":"https:\/\/api.w.org\/{rel}","templated":true}]}}